{"id":206,"date":"2026-01-27T15:20:46","date_gmt":"2026-01-27T15:20:46","guid":{"rendered":"https:\/\/gasolina.com\/about\/"},"modified":"2026-01-27T15:21:04","modified_gmt":"2026-01-27T15:21:04","slug":"about","status":"publish","type":"page","link":"http:\/\/gasolina.com\/en\/about\/","title":{"rendered":"About"},"content":{"rendered":"<div class=\"wp-block-uagb-container uagb-layout-grid uagb-block-52a5e7a5 alignfull uagb-is-root-container\"><div class=\"uagb-container-inner-blocks-wrap\">\n<div class=\"wp-block-uagb-advanced-heading uagb-block-8f9583b5\"><div class=\"uagb-separator\"><\/div><h1 class=\"uagb-heading-text\">Conectando el mundo energ\u00e9tico<\/h1><\/div>\n\n\n\n<div class=\"wp-block-uagb-advanced-heading uagb-block-0a094371\"><p class=\"uagb-heading-text\">Gasolina.com, la fuente principal de informaci\u00f3n sobre energ\u00eda, combustibles y su impacto econ\u00f3mico a nivel global.<\/p><\/div>\n<\/div><\/div>\n\n\n\n<div class=\"wp-block-uagb-container uagb-block-6d4e3205 alignfull uagb-is-root-container\"><div class=\"uagb-container-inner-blocks-wrap\">\n<div class=\"wp-block-uagb-image uagb-block-41997195 wp-block-uagb-image--layout-default wp-block-uagb-image--effect-static wp-block-uagb-image--align-none uag-blocks-common-selector\" style=\"--z-index-desktop:1;;--z-index-tablet:undefined;;--z-index-mobile:undefined;\"><figure class=\"wp-block-uagb-image__figure\"><img decoding=\"async\" srcset=\"http:\/\/gasolina.com\/wp-content\/uploads\/2026\/01\/pexels-photo-4112711.jpeg ,http:\/\/gasolina.com\/wp-content\/uploads\/2024\/06\/about-bg.jpg 780w, http:\/\/gasolina.com\/wp-content\/uploads\/2024\/06\/about-bg.jpg 360w\" sizes=\"auto, (max-width: 480px) 150px\" src=\"http:\/\/gasolina.com\/wp-content\/uploads\/2026\/01\/pexels-photo-4112711.jpeg\" alt=\"Man refueling car at a petrol station in \u0130stanbul during the day.\" class=\"uag-image-30\" width=\"1200\" height=\"400\" title=\"about-bg\" loading=\"lazy\" role=\"img\"\/><\/figure><\/div>\n\n\n\n<div class=\"wp-block-uagb-advanced-heading uagb-block-c1430afc\"><p class=\"uagb-heading-text\">Sobre nosotros<\/p><div class=\"uagb-separator\"><\/div><\/div>\n\n\n\n<div class=\"wp-block-uagb-advanced-heading uagb-block-8206bff7\"><h2 class=\"uagb-heading-text\">Conoce a Gasolina.com y su misi\u00f3n<\/h2><\/div>\n\n\n\n<div class=\"wp-block-uagb-container uagb-block-872fa012\">\n<div class=\"wp-block-uagb-advanced-heading uagb-block-76d9be4a\"><h3 class=\"uagb-heading-text\">Gasolina.com ha ayudado a empresas y gobiernos a tomar decisiones informadas gracias a su informaci\u00f3n actualizada y an\u00e1lisis de mercado, logrando as\u00ed un impacto positivo en sus estrategias energ\u00e9ticas.<\/h3><\/div>\n\n\n\n<div class=\"wp-block-uagb-advanced-heading uagb-block-e648ce5c\"><p class=\"uagb-heading-text\">Nuestra plataforma ha acercado a empresas e instituciones a un mundo de oportunidades al proporcionar an\u00e1lisis profundos y datos precisos sobre gasolina y energ\u00eda, convirti\u00e9ndose en un referente para la toma de decisiones estrat\u00e9gicas en el sector.<\/p><p class=\"uagb-desc-text\">Gasolina.com ha logrado reunir informaci\u00f3n cr\u00edtica, proporcionando a sus usuarios datos relevantes que facilitan el an\u00e1lisis y la comprensi\u00f3n del panorama energ\u00e9tico global.<\/p><\/div>\n<\/div>\n\n\n\n<div class=\"wp-block-uagb-image uagb-block-e3600eff wp-block-uagb-image--layout-default wp-block-uagb-image--effect-static wp-block-uagb-image--align-none\"><figure class=\"wp-block-uagb-image__figure\"><img decoding=\"async\" srcset=\"http:\/\/gasolina.com\/wp-content\/uploads\/2026\/01\/pexels-photo-29473917.jpeg ,http:\/\/gasolina.com\/wp-content\/uploads\/2024\/06\/who-we-are.jpg 780w, http:\/\/gasolina.com\/wp-content\/uploads\/2024\/06\/who-we-are.jpg 360w\" sizes=\"auto, (max-width: 480px) 150px\" src=\"http:\/\/gasolina.com\/wp-content\/uploads\/2026\/01\/pexels-photo-29473917.jpeg\" alt=\"Close-up of refueling a Kawasaki motorcycle at a gas station, with nozzle inserted into the tank.\" class=\"uag-image-31\" width=\"1200\" height=\"450\" title=\"who-we-are\" loading=\"lazy\" role=\"img\"\/><\/figure><\/div>\n\n\n\n<div class=\"wp-block-uagb-advanced-heading uagb-block-257301db\"><p class=\"uagb-heading-text\">Nuestra historia<\/p><div class=\"uagb-separator\"><\/div><\/div>\n\n\n\n<div class=\"wp-block-uagb-container uagb-layout-grid uagb-block-d836a3f7\">\n<div class=\"wp-block-uagb-image uagb-block-121b49d0 wp-block-uagb-image--layout-default wp-block-uagb-image--effect-static wp-block-uagb-image--align-none\"><figure class=\"wp-block-uagb-image__figure\"><img decoding=\"async\" srcset=\"http:\/\/gasolina.com\/wp-content\/uploads\/2026\/01\/pexels-photo-30332545.jpeg ,http:\/\/gasolina.com\/wp-content\/uploads\/2026\/01\/pexels-photo-30332545.jpeg 780w, http:\/\/gasolina.com\/wp-content\/uploads\/2026\/01\/pexels-photo-30332545.jpeg 360w\" sizes=\"auto, (max-width: 480px) 150px\" src=\"http:\/\/gasolina.com\/wp-content\/uploads\/2026\/01\/pexels-photo-30332545.jpeg\" alt=\"Daytime view of a petrol station in Kovanc\u0131lar, Elaz\u0131\u011f, with clear blue skies.\" class=\"uag-image-32\" width=\"560\" height=\"450\" title=\"our-story\" loading=\"lazy\" role=\"img\"\/><\/figure><\/div>\n\n\n\n<div class=\"wp-block-uagb-advanced-heading uagb-block-c10ed874\"><h3 class=\"uagb-heading-text\">El nacimiento y crecimiento de Gasolina.com en el sector energ\u00e9tico<\/h3><p class=\"uagb-desc-text\">Gasolina.com fue fundado con la visi\u00f3n de centralizar informaci\u00f3n cr\u00edtica sobre energ\u00eda y combustibles. Desde su inicio, ha evolucionado r\u00e1pidamente, convirti\u00e9ndose en una plataforma de referencia para empresas e individuos que buscan datos confiables, an\u00e1lisis relevantes y oportunidades estrat\u00e9gicas en un entorno global cambiante.<\/p><\/div>\n<\/div>\n<\/div><\/div>\n\n\n\n<div class=\"wp-block-uagb-container uagb-block-08bdc66b alignfull uagb-is-root-container\"><div class=\"uagb-container-inner-blocks-wrap\">\n<div class=\"wp-block-uagb-advanced-heading uagb-block-8a25e220\"><p class=\"uagb-heading-text\">C\u00f3mo trabajamos<\/p><div class=\"uagb-separator\"><\/div><\/div>\n\n\n\n<div class=\"wp-block-uagb-container uagb-layout-grid uagb-block-5c68a50a\">\n<div class=\"wp-block-uagb-advanced-heading uagb-block-acaeab83\"><h2 class=\"uagb-heading-text\">Nuestra metodolog\u00eda para ofrecer informaci\u00f3n precisa<\/h2><\/div>\n\n\n\n<div class=\"wp-block-uagb-container uagb-block-b5dc4002\">\n<div class=\"wp-block-uagb-info-box uagb-block-5fb96413 uagb-infobox__content-wrap  uagb-infobox-icon-above-title uagb-infobox-image-valign-top\"><div class=\"uagb-ifb-content\"><div class=\"uagb-ifb-title-wrap\"><span class=\"uagb-ifb-title-prefix\">Step-01<\/span><h3 class=\"uagb-ifb-title\">Estructura modular<\/h3><\/div><p class=\"uagb-ifb-desc\">Organizamos la informaci\u00f3n en secciones claras y accesibles.<\/p><div class=\"uagb-ifb-separator\"><\/div><\/div><\/div>\n\n\n\n<div class=\"wp-block-uagb-info-box uagb-block-e82c6c50 uagb-infobox__content-wrap  uagb-infobox-icon-above-title uagb-infobox-image-valign-top\"><div class=\"uagb-ifb-content\"><div class=\"uagb-ifb-title-wrap\"><span class=\"uagb-ifb-title-prefix\">Step-02<\/span><h3 class=\"uagb-ifb-title\">Actualizaci\u00f3n constante<\/h3><\/div><p class=\"uagb-ifb-desc\">Mantenemos la informaci\u00f3n actualizada para reflejar cambios en el mercado.<\/p><div class=\"uagb-ifb-separator\"><\/div><\/div><\/div>\n\n\n\n<div class=\"wp-block-uagb-info-box uagb-block-63a457f5 uagb-infobox__content-wrap  uagb-infobox-icon-above-title uagb-infobox-image-valign-top\"><div class=\"uagb-ifb-content\"><div class=\"uagb-ifb-title-wrap\"><span class=\"uagb-ifb-title-prefix\">Step-03<\/span><h3 class=\"uagb-ifb-title\">An\u00e1lisis detallados<\/h3><\/div><p class=\"uagb-ifb-desc\">Proporcionamos contextos y an\u00e1lisis que facilitan la toma de decisiones.<\/p><\/div><\/div>\n<\/div>\n<\/div>\n<\/div><\/div>\n\n\n\n<div class=\"wp-block-uagb-container uagb-layout-grid uagb-block-29a0aaa8 alignfull uagb-is-root-container\"><div class=\"uagb-container-inner-blocks-wrap\">\n<div class=\"wp-block-uagb-advanced-heading uagb-block-42bca5dd\"><div class=\"uagb-separator\"><\/div><h2 class=\"uagb-heading-text\">Join the Conversation on Energy Today<\/h2><\/div>\n\n\n\n<div class=\"wp-block-uagb-info-box uagb-block-620f6d21 uagb-infobox__content-wrap  uagb-infobox-icon-above-title uagb-infobox-image-valign-top\"><div class=\"uagb-ifb-content\"><div class=\"uagb-ifb-title-wrap\"><p class=\"uagb-ifb-title\">Connect with Gasolina.com and stay informed about everything you need to know for the energy sector.<\/p><\/div><div class=\"uagb-ifb-button-wrapper wp-block-button\"><a href=\"\/en\/contact\/\" class=\"uagb-infobox-cta-link wp-block-button__link\" target=\"_self\" rel=\"noopener noreferrer\" onclick=\"return true;\"><span class=\"uagb-inline-editing\">Find Out More<\/span><\/a><\/div><\/div><\/div>\n<\/div><\/div>","protected":false},"excerpt":{"rendered":"<p>Conectando el mundo energ\u00e9tico Gasolina.com, la fuente principal de informaci\u00f3n sobre energ\u00eda, combustibles y su impacto econ\u00f3mico a nivel global. [&hellip;]<\/p>\n","protected":false},"author":1,"featured_media":0,"parent":0,"menu_order":0,"comment_status":"closed","ping_status":"closed","template":"","meta":{"_uag_custom_page_level_css":"","site-sidebar-layout":"default","site-content-layout":"","ast-site-content-layout":"default","site-content-style":"default","site-sidebar-style":"default","ast-global-header-display":"","ast-banner-title-visibility":"","ast-main-header-display":"","ast-hfb-above-header-display":"","ast-hfb-below-header-display":"","ast-hfb-mobile-header-display":"","site-post-title":"disabled","ast-breadcrumbs-content":"","ast-featured-img":"","footer-sml-layout":"","ast-disable-related-posts":"","theme-transparent-header-meta":"enabled","adv-header-id-meta":"","stick-header-meta":"","header-above-stick-meta":"","header-main-stick-meta":"","header-below-stick-meta":"","astra-migrate-meta-layouts":"default","ast-page-background-enabled":"default","ast-page-background-meta":{"desktop":{"background-color":"var(--ast-global-color-4)","background-image":"","background-repeat":"repeat","background-position":"center center","background-size":"auto","background-attachment":"scroll","background-type":"","background-media":"","overlay-type":"","overlay-color":"","overlay-opacity":"","overlay-gradient":""},"tablet":{"background-color":"","background-image":"","background-repeat":"repeat","background-position":"center center","background-size":"auto","background-attachment":"scroll","background-type":"","background-media":"","overlay-type":"","overlay-color":"","overlay-opacity":"","overlay-gradient":""},"mobile":{"background-color":"","background-image":"","background-repeat":"repeat","background-position":"center center","background-size":"auto","background-attachment":"scroll","background-type":"","background-media":"","overlay-type":"","overlay-color":"","overlay-opacity":"","overlay-gradient":""}},"ast-content-background-meta":{"desktop":{"background-color":"var(--ast-global-color-5)","background-image":"","background-repeat":"repeat","background-position":"center center","background-size":"auto","background-attachment":"scroll","background-type":"","background-media":"","overlay-type":"","overlay-color":"","overlay-opacity":"","overlay-gradient":""},"tablet":{"background-color":"var(--ast-global-color-5)","background-image":"","background-repeat":"repeat","background-position":"center center","background-size":"auto","background-attachment":"scroll","background-type":"","background-media":"","overlay-type":"","overlay-color":"","overlay-opacity":"","overlay-gradient":""},"mobile":{"background-color":"var(--ast-global-color-5)","background-image":"","background-repeat":"repeat","background-position":"center center","background-size":"auto","background-attachment":"scroll","background-type":"","background-media":"","overlay-type":"","overlay-color":"","overlay-opacity":"","overlay-gradient":""}},"footnotes":""},"class_list":["post-206","page","type-page","status-publish","hentry"],"uagb_featured_image_src":{"full":false,"thumbnail":false,"medium":false,"medium_large":false,"large":false,"1536x1536":false,"2048x2048":false,"trp-custom-language-flag":false},"uagb_author_info":{"display_name":"admin","author_link":"http:\/\/gasolina.com\/en\/author\/admin\/"},"uagb_comment_info":0,"uagb_excerpt":"Conectando el mundo energ\u00e9tico Gasolina.com, la fuente principal de informaci\u00f3n sobre energ\u00eda, combustibles y su impacto econ\u00f3mico a nivel global. [&hellip;]","_links":{"self":[{"href":"http:\/\/gasolina.com\/en\/wp-json\/wp\/v2\/pages\/206","targetHints":{"allow":["GET"]}}],"collection":[{"href":"http:\/\/gasolina.com\/en\/wp-json\/wp\/v2\/pages"}],"about":[{"href":"http:\/\/gasolina.com\/en\/wp-json\/wp\/v2\/types\/page"}],"author":[{"embeddable":true,"href":"http:\/\/gasolina.com\/en\/wp-json\/wp\/v2\/users\/1"}],"replies":[{"embeddable":true,"href":"http:\/\/gasolina.com\/en\/wp-json\/wp\/v2\/comments?post=206"}],"version-history":[{"count":3,"href":"http:\/\/gasolina.com\/en\/wp-json\/wp\/v2\/pages\/206\/revisions"}],"predecessor-version":[{"id":258,"href":"http:\/\/gasolina.com\/en\/wp-json\/wp\/v2\/pages\/206\/revisions\/258"}],"wp:attachment":[{"href":"http:\/\/gasolina.com\/en\/wp-json\/wp\/v2\/media?parent=206"}],"curies":[{"name":"wp","href":"https:\/\/api.w.org\/{rel}","templated":true}]}}